{"id":11,"date":"2025-02-25T02:34:12","date_gmt":"2025-02-25T01:34:12","guid":{"rendered":"https:\/\/funsinergia.org\/?page_id=11"},"modified":"2026-02-15T20:07:53","modified_gmt":"2026-02-15T19:07:53","slug":"nuestra-mision","status":"publish","type":"page","link":"https:\/\/funsinergia.org\/?page_id=11","title":{"rendered":"Nosotros"},"content":{"rendered":"\n<div class=\"wp-block-stackable-columns alignfull stk-block-columns stk-block stk-ee16d49 stk-block-background stk--has-background-overlay\" data-block-id=\"ee16d49\"><style>.stk-ee16d49 {background-color:#000000 !important;background-image:url(https:\/\/funsinergia.org\/wp-content\/uploads\/2026\/02\/IMG-20230127-WA0049.jpg) !important;min-height:900px !important;align-items:center !important;padding-top:95px !important;padding-right:95px !important;padding-bottom:95px !important;padding-left:95px !important;margin-top:-200px !important;margin-bottom:39px !important;display:flex !important;}.stk-ee16d49:before{background-color:#000000 !important;opacity:0.6 !important;}@media screen and (max-width:689px){.stk-ee16d49 {max-width:1500px !important;min-width:auto !important;padding-top:30px !important;padding-right:30px !important;padding-bottom:30px !important;padding-left:30px !important;}}<\/style><div class=\"stk-row stk-inner-blocks stk-block-content stk-content-align stk-ee16d49-column\">\n<div class=\"wp-block-stackable-column stk-block-column stk-column stk-block stk-0f3810b\" data-v=\"4\" data-block-id=\"0f3810b\"><style>.stk-0f3810b {align-self:center !important;}.stk-0f3810b-inner-blocks{row-gap:0px !important;justify-content:center !important;}.stk-0f3810b-container{max-width:800px !important;min-width:auto !important;margin-right:auto !important;margin-left:auto !important;display:flex !important;}<\/style><div class=\"stk-column-wrapper stk-block-column__content stk-container stk-0f3810b-container stk--no-background stk--no-padding\"><div class=\"has-text-align-center stk-block-content stk-inner-blocks stk-0f3810b-inner-blocks\">\n<div class=\"wp-block-stackable-heading stk-block-heading stk-block-heading--v2 stk-block stk-4f9f0cd\" id=\"strong-conoce-nuestra-historia-strong\" data-block-id=\"4f9f0cd\"><style>.stk-4f9f0cd .stk-block-heading__top-line{height:1px !important;width:0px !important;}.stk-4f9f0cd {margin-top:94px !important;margin-bottom:0px !important;}.stk-4f9f0cd .stk-block-heading__text{font-size:70px !important;color:#ffffff !important;line-height:1em !important;font-weight:bold !important;letter-spacing:-2.1px !important;}@media screen and (max-width:999px){.stk-4f9f0cd .stk-block-heading__text{font-size:50px !important;}}@media screen and (max-width:689px){.stk-4f9f0cd .stk-block-heading__top-line{margin-bottom:0px !important;margin-left:auto !important;margin-right:auto !important;}.stk-4f9f0cd {min-height:311px !important;max-width:820px !important;min-width:auto !important;padding-top:0px !important;padding-right:0px !important;padding-bottom:0px !important;padding-left:0px !important;margin-bottom:-162px !important;}.stk-4f9f0cd .stk-block-heading__text{font-size:45px !important;}}<\/style><h1 class=\"stk-block-heading__text has-text-color has-text-align-center has-text-align-center-mobile\"><strong>Conoce nuestra historia<\/strong><\/h1><\/div>\n\n\n\n<div class=\"wp-block-stackable-text stk-block-text stk-block stk-97971a5\" data-block-id=\"97971a5\"><style>.stk-97971a5 {max-width:581px !important;min-width:auto !important;margin-right:auto !important;margin-left:auto !important;}.stk-97971a5 .stk-block-text__text{color:#ffffff !important;}<\/style><p class=\"stk-block-text__text has-text-color\">Conoc\u00e9 los prop\u00f3sitos que dieron origen a la Fundaci\u00f3n y gu\u00edan nuestro trabajo hasta hoy.<\/p><\/div>\n<\/div><\/div><\/div>\n<\/div><\/div>\n\n\n\n<div class=\"wp-block-stackable-feature stk-block-feature stk-block stk-854ce01 is-style-default\" data-v=\"2\" data-block-id=\"854ce01\"><style>.stk-854ce01 {--stk-feature-flex-wrap:nowrap !important;}@media screen and (max-width:689px){.stk-854ce01 {margin-bottom:30px !important;}}<\/style><div class=\"stk-content-align stk-854ce01-column stk-container stk-854ce01-container stk--no-background stk--no-padding\"><div class=\"stk-inner-blocks stk-block-content stk-row\">\n<div class=\"wp-block-stackable-column stk-block-column stk-column stk-block stk-71e40e6\" data-v=\"4\" data-block-id=\"71e40e6\"><style>.stk-71e40e6 {align-self:center !important;}<\/style><div class=\"stk-column-wrapper stk-block-column__content stk-container stk-71e40e6-container stk--no-background stk--no-padding\"><div class=\"stk-block-content stk-inner-blocks stk-71e40e6-inner-blocks\">\n<div class=\"wp-block-stackable-heading stk-block-heading stk-block-heading--v2 stk-block stk-2a0e18b\" id=\"somos-una-organizacion-no-gubernamental-sin-animo-de-lucro-comprometida-con-el-bienestar-colectivo\" data-block-id=\"2a0e18b\"><style>.stk-2a0e18b {padding-top:35px !important;padding-right:35px !important;padding-bottom:35px !important;padding-left:35px !important;margin-bottom:-31px !important;}.stk-2a0e18b .stk-block-heading__text{color:var(--theme-palette-color-4, #273856) !important;line-height:1.3em !important;letter-spacing:-0.7px !important;}<\/style><h4 class=\"stk-block-heading__text has-text-color\"><strong>Somos una <span style=\"color: var(--theme-palette-color-4, #273856);\" class=\"stk-highlight\">Organizaci\u00f3n No Gubernamental sin \u00e1nimo<\/span> de lucro comprometida con el <span style=\"color: var(--theme-palette-color-1, #00A9BC);\" class=\"stk-highlight\">bienestar colectivo. <\/span><\/strong><\/h4><\/div>\n\n\n\n<div class=\"wp-block-stackable-text stk-block-text stk-block stk-eed8eb1\" data-block-id=\"eed8eb1\"><style>.stk-eed8eb1 {padding-top:35px !important;padding-right:35px !important;padding-bottom:35px !important;padding-left:35px !important;margin-top:-20px !important;}<\/style><p class=\"stk-block-text__text\"><span style=\"color: var(--theme-palette-color-4, #273856);\" class=\"stk-highlight\">Nuestra misi\u00f3n es contribuir a la construcci\u00f3n de una sociedad m\u00e1s justa y equitativa, fortaleciendo las capacidades locales y mejorando las condiciones de vida de las comunidades. Lo logramos a trav\u00e9s de acciones de <strong>consultor\u00eda, asesor\u00eda, capacitaci\u00f3n y la implementaci\u00f3n de proyectos<\/strong> de desarrollo econ\u00f3mico y social.<\/span><\/p><\/div>\n<\/div><\/div><\/div>\n\n\n\n<div class=\"wp-block-stackable-column stk-block-column stk-column stk-block stk-b495bd7\" data-v=\"4\" data-block-id=\"b495bd7\"><style>.stk-b495bd7 {align-self:center !important;}<\/style><div class=\"stk-column-wrapper stk-block-column__content stk-container stk-b495bd7-container stk--no-background stk--no-padding\"><div class=\"stk-block-content stk-inner-blocks stk-b495bd7-inner-blocks\">\n<div class=\"wp-block-stackable-image stk-block-image stk-block stk-41dadf8\" data-block-id=\"41dadf8\"><style>.stk-41dadf8 {min-height:329px !important;}.stk-41dadf8 .stk-img-wrapper{width:93% !important;height:336px !important;}<\/style><figure><span class=\"stk-img-wrapper stk-image--shape-stretch\"><img loading=\"lazy\" decoding=\"async\" class=\"stk-img wp-image-409\" src=\"https:\/\/funsinergia.org\/wp-content\/uploads\/2026\/02\/PSA-3.png\" width=\"1080\" height=\"1080\" srcset=\"https:\/\/funsinergia.org\/wp-content\/uploads\/2026\/02\/PSA-3.png 1080w, https:\/\/funsinergia.org\/wp-content\/uploads\/2026\/02\/PSA-3-300x300.png 300w, https:\/\/funsinergia.org\/wp-content\/uploads\/2026\/02\/PSA-3-1024x1024.png 1024w, https:\/\/funsinergia.org\/wp-content\/uploads\/2026\/02\/PSA-3-150x150.png 150w, https:\/\/funsinergia.org\/wp-content\/uploads\/2026\/02\/PSA-3-768x768.png 768w\" sizes=\"auto, (max-width: 1080px) 100vw, 1080px\" \/><\/span><\/figure><\/div>\n<\/div><\/div><\/div>\n<\/div><\/div><\/div>\n\n\n\n<div class=\"wp-block-stackable-columns alignfull stk-block-columns stk-block stk-69426c1 stk-block-background\" data-block-id=\"69426c1\"><style>.stk-69426c1 {background-color:var(--theme-palette-color-6, #f2f5f7) !important;padding-top:80px !important;padding-bottom:80px !important;margin-bottom:0px !important;}.stk-69426c1:before{background-color:var(--theme-palette-color-6, #f2f5f7) !important;}@media screen and (max-width:689px){.stk-69426c1 {padding-top:19px !important;padding-right:19px !important;padding-bottom:19px !important;padding-left:19px !important;}}<\/style><div class=\"stk-row stk-inner-blocks stk-block-content stk-content-align stk-69426c1-column\">\n<div class=\"wp-block-stackable-column stk-block-column stk-column stk-block stk-e7d69cf\" data-v=\"4\" data-block-id=\"e7d69cf\"><div class=\"stk-column-wrapper stk-block-column__content stk-container stk-e7d69cf-container stk--no-background stk--no-padding\"><div class=\"stk-block-content stk-inner-blocks stk-e7d69cf-inner-blocks\">\n<div class=\"wp-block-stackable-heading stk-block-heading stk-block-heading--v2 stk-block stk-93609ff\" id=\"propositos-que-nos-mueven\" data-block-id=\"93609ff\"><style>@media screen and (max-width:689px){.stk-93609ff .stk-block-heading__text{line-height:1em !important;}}<\/style><h2 class=\"stk-block-heading__text has-text-align-center\">Prop\u00f3sitos que nos mueven<\/h2><\/div>\n\n\n\n<div class=\"wp-block-stackable-columns stk-block-columns stk-block stk-40a0c85\" data-block-id=\"40a0c85\"><div class=\"stk-row stk-inner-blocks stk-block-content stk-content-align stk-40a0c85-column\">\n<div class=\"wp-block-stackable-column stk-block-column stk-column stk-block stk-32ab06a\" data-v=\"4\" data-block-id=\"32ab06a\"><style>@media screen and (min-width:690px) and (max-width:999px){.stk-32ab06a {flex:var(--stk-flex-grow, 1) 1 calc(50% - var(--stk-column-gap, 0px) * 1 \/ 2 ) !important;}}<\/style><div class=\"stk-column-wrapper stk-block-column__content stk-container stk-32ab06a-container stk--no-background stk--no-padding\"><div class=\"stk-block-content stk-inner-blocks stk-32ab06a-inner-blocks\">\n<div class=\"wp-block-stackable-card stk-block-card stk-block stk-cdfb890 is-style-default\" data-v=\"2\" data-block-id=\"cdfb890\"><style>.stk-cdfb890 {border-top-left-radius:20px !important;border-top-right-radius:20px !important;border-bottom-right-radius:20px !important;border-bottom-left-radius:20px !important;overflow:hidden !important;}<\/style><div class=\"stk--no-padding stk-container stk-cdfb890-container stk-hover-parent\"><figure class=\"stk-block-card__image stk-img-wrapper stk-image--shape-stretch\"><img loading=\"lazy\" decoding=\"async\" class=\"stk-img wp-image-187\" src=\"https:\/\/funsinergia.org\/wp-content\/uploads\/2025\/04\/IMG-20240813-WA0024.jpg\" width=\"960\" height=\"1280\" srcset=\"https:\/\/funsinergia.org\/wp-content\/uploads\/2025\/04\/IMG-20240813-WA0024.jpg 960w, https:\/\/funsinergia.org\/wp-content\/uploads\/2025\/04\/IMG-20240813-WA0024-225x300.jpg 225w, https:\/\/funsinergia.org\/wp-content\/uploads\/2025\/04\/IMG-20240813-WA0024-768x1024.jpg 768w\" sizes=\"auto, (max-width: 960px) 100vw, 960px\" \/><\/figure><div class=\"stk-container-padding stk-block-card__content\"><div class=\"stk-block-content stk-inner-blocks stk-cdfb890-inner-blocks\">\n<div class=\"wp-block-stackable-heading stk-block-heading stk-block-heading--v2 stk-block stk-1af1ee0\" id=\"sostenibilidad-ambiental\" data-block-id=\"1af1ee0\"><style>.stk-1af1ee0 {margin-bottom:0px !important;}@media screen and (max-width:689px){.stk-1af1ee0 .stk-block-heading__text{line-height:1.2em !important;}}<\/style><h3 class=\"stk-block-heading__text\">Sostenibilidad ambiental<\/h3><\/div>\n\n\n\n<div class=\"wp-block-stackable-text stk-block-text stk-block stk-992b645\" data-block-id=\"992b645\"><p class=\"stk-block-text__text\">Buscamos generar acciones que permitan asegurar un ecosistema diverso y duradero, bas\u00e1ndonos en la restauraci\u00f3n y conservaci\u00f3n de bosques como eje de nuestra labor.<\/p><\/div>\n<\/div><\/div><\/div><\/div>\n<\/div><\/div><\/div>\n\n\n\n<div class=\"wp-block-stackable-column stk-block-column stk-column stk-block stk-c9c867f\" data-v=\"4\" data-block-id=\"c9c867f\"><style>@media screen and (min-width:690px) and (max-width:999px){.stk-c9c867f {flex:var(--stk-flex-grow, 1) 1 calc(50% - var(--stk-column-gap, 0px) * 1 \/ 2 ) !important;}}<\/style><div class=\"stk-column-wrapper stk-block-column__content stk-container stk-c9c867f-container stk--no-background stk--no-padding\"><div class=\"stk-block-content stk-inner-blocks stk-c9c867f-inner-blocks\">\n<div class=\"wp-block-stackable-card stk-block-card stk-block stk-2627ea6 is-style-default\" data-v=\"2\" data-block-id=\"2627ea6\"><style>.stk-2627ea6 {border-top-left-radius:20px !important;border-top-right-radius:20px !important;border-bottom-right-radius:20px !important;border-bottom-left-radius:20px !important;overflow:hidden !important;}<\/style><div class=\"stk--no-padding stk-container stk-2627ea6-container stk-hover-parent\"><figure class=\"stk-block-card__image stk-img-wrapper stk-image--shape-stretch\"><img loading=\"lazy\" decoding=\"async\" class=\"stk-img wp-image-185\" src=\"https:\/\/funsinergia.org\/wp-content\/uploads\/2025\/04\/DSC00248-2-scaled.jpg\" width=\"2560\" height=\"1707\" srcset=\"https:\/\/funsinergia.org\/wp-content\/uploads\/2025\/04\/DSC00248-2-scaled.jpg 2560w, https:\/\/funsinergia.org\/wp-content\/uploads\/2025\/04\/DSC00248-2-300x200.jpg 300w, https:\/\/funsinergia.org\/wp-content\/uploads\/2025\/04\/DSC00248-2-1024x683.jpg 1024w, https:\/\/funsinergia.org\/wp-content\/uploads\/2025\/04\/DSC00248-2-768x512.jpg 768w, https:\/\/funsinergia.org\/wp-content\/uploads\/2025\/04\/DSC00248-2-1536x1024.jpg 1536w, https:\/\/funsinergia.org\/wp-content\/uploads\/2025\/04\/DSC00248-2-2048x1365.jpg 2048w\" sizes=\"auto, (max-width: 2560px) 100vw, 2560px\" \/><\/figure><div class=\"stk-container-padding stk-block-card__content\"><div class=\"stk-block-content stk-inner-blocks stk-2627ea6-inner-blocks\">\n<div class=\"wp-block-stackable-heading stk-block-heading stk-block-heading--v2 stk-block stk-77723ea\" id=\"strong-pervivencia-cultural-strong\" data-block-id=\"77723ea\"><style>.stk-77723ea {margin-bottom:0px !important;}@media screen and (max-width:689px){.stk-77723ea .stk-block-heading__text{line-height:1.2em !important;}}<\/style><h3 class=\"stk-block-heading__text\"><strong>Pervivencia cultural<\/strong><\/h3><\/div>\n\n\n\n<div class=\"wp-block-stackable-text stk-block-text stk-block stk-648b345\" data-block-id=\"648b345\"><p class=\"stk-block-text__text\">En la cultura est\u00e1 la riqueza de cada comunidad, por eso trabajamos porque cada etnia y comunidad mantenga viva su riqueza cultural, y la enriquezca, a trav\u00e9s de procesos etnoeducativos, concientizaci\u00f3n y fortalecimiento de la soberan\u00eda cultural.<\/p><\/div>\n<\/div><\/div><\/div><\/div>\n<\/div><\/div><\/div>\n\n\n\n<div class=\"wp-block-stackable-column stk-block-column stk-column stk-block stk-c548dc6\" data-v=\"4\" data-block-id=\"c548dc6\"><style>@media screen and (min-width:690px) and (max-width:999px){.stk-c548dc6 {flex:var(--stk-flex-grow, 1) 1 calc(100% - var(--stk-column-gap, 0px) * 0 \/ 1 ) !important;}}<\/style><div class=\"stk-column-wrapper stk-block-column__content stk-container stk-c548dc6-container stk--no-background stk--no-padding\"><div class=\"stk-block-content stk-inner-blocks stk-c548dc6-inner-blocks\">\n<div class=\"wp-block-stackable-card stk-block-card stk-block stk-295c105 is-style-default\" data-v=\"2\" data-block-id=\"295c105\"><style>.stk-295c105 {border-top-left-radius:20px !important;border-top-right-radius:20px !important;border-bottom-right-radius:20px !important;border-bottom-left-radius:20px !important;overflow:hidden !important;}<\/style><div class=\"stk--no-padding stk-container stk-295c105-container stk-hover-parent\"><figure class=\"stk-block-card__image stk-img-wrapper stk-image--shape-stretch\"><img loading=\"lazy\" decoding=\"async\" class=\"stk-img wp-image-186\" src=\"https:\/\/funsinergia.org\/wp-content\/uploads\/2025\/04\/IMG_20241117_163626-scaled-e1744492216864.jpg\" width=\"1916\" height=\"2100\" srcset=\"https:\/\/funsinergia.org\/wp-content\/uploads\/2025\/04\/IMG_20241117_163626-scaled-e1744492216864.jpg 1916w, https:\/\/funsinergia.org\/wp-content\/uploads\/2025\/04\/IMG_20241117_163626-scaled-e1744492216864-274x300.jpg 274w, https:\/\/funsinergia.org\/wp-content\/uploads\/2025\/04\/IMG_20241117_163626-scaled-e1744492216864-934x1024.jpg 934w, https:\/\/funsinergia.org\/wp-content\/uploads\/2025\/04\/IMG_20241117_163626-scaled-e1744492216864-768x842.jpg 768w, https:\/\/funsinergia.org\/wp-content\/uploads\/2025\/04\/IMG_20241117_163626-scaled-e1744492216864-1401x1536.jpg 1401w, https:\/\/funsinergia.org\/wp-content\/uploads\/2025\/04\/IMG_20241117_163626-scaled-e1744492216864-1869x2048.jpg 1869w\" sizes=\"auto, (max-width: 1916px) 100vw, 1916px\" \/><\/figure><div class=\"stk-container-padding stk-block-card__content\"><div class=\"stk-block-content stk-inner-blocks stk-295c105-inner-blocks\">\n<div class=\"wp-block-stackable-heading stk-block-heading stk-block-heading--v2 stk-block stk-1120f55\" id=\"desarrollo-socioeconomico\" data-block-id=\"1120f55\"><style>.stk-1120f55 {margin-bottom:0px !important;}@media screen and (max-width:689px){.stk-1120f55 .stk-block-heading__text{line-height:1.2em !important;}}<\/style><h3 class=\"stk-block-heading__text\">Desarrollo socioecon\u00f3mico<\/h3><\/div>\n\n\n\n<div class=\"wp-block-stackable-text stk-block-text stk-block stk-be6550a\" data-block-id=\"be6550a\"><style>.stk-be6550a {margin-bottom:var(--stk--preset--spacing--20, 0.44rem) !important;}<\/style><p class=\"stk-block-text__text\">Nos enfocamos en generar impacto verdadero en las comunidades beneficiarias de nuestros proyectos, creando estrategias de comercializaci\u00f3n del talento local, generando oportunidades econ\u00f3micas<\/p><\/div>\n<\/div><\/div><\/div><\/div>\n<\/div><\/div><\/div>\n<\/div><\/div>\n<\/div><\/div><\/div>\n<\/div><\/div>\n\n\n\n<div class=\"wp-block-stackable-call-to-action alignfull stk-block-call-to-action stk-block stk-820ecf8 stk-block-background stk--has-background-overlay\" data-v=\"2\" data-block-id=\"820ecf8\"><style>.stk-820ecf8 {background-color:var(--theme-palette-color-4, #273856) !important;background-image:url(https:\/\/funsinergia.org\/wp-content\/uploads\/2025\/03\/DSC00002-scaled.jpg) !important;min-height:400px !important;align-items:center !important;margin-bottom:0px !important;display:flex !important;}.stk-820ecf8:before{background-color:var(--theme-palette-color-4, #273856) !important;opacity:0.8 !important;}<\/style><div class=\"stk-block-call-to-action__content stk-content-align stk-820ecf8-column stk-container stk-820ecf8-container stk--no-background stk--no-padding\"><div class=\"has-text-align-center stk-block-content stk-inner-blocks stk-820ecf8-inner-blocks\">\n<div class=\"wp-block-stackable-text stk-block-text stk-block stk-eb0fe6c\" data-block-id=\"eb0fe6c\"><style>.stk-eb0fe6c .stk-block-text__text{font-size:30px !important;color:#FFFFFF !important;}@media screen and (max-width:999px){.stk-eb0fe6c .stk-block-text__text{font-size:30px !important;}}@media screen and (max-width:689px){.stk-eb0fe6c .stk-block-text__text{line-height:1.1em !important;}}<\/style><p class=\"stk-block-text__text has-text-color has-white-color\">Desarrollamos proyectos con <strong>enfoque de g\u00e9nero<\/strong>, promoviendo la equidad y la participaci\u00f3n plena de las mujeres en las comunidades<\/p><\/div>\n<\/div><\/div><\/div>\n\n\n\n<div class=\"wp-block-stackable-spacer stk-block-spacer stk--no-padding stk-block stk-0534326\" data-block-id=\"0534326\"><style>.stk-0534326 {height:63px !important;}@media screen and (max-width:999px){.stk-0534326 {height:10px !important;}}<\/style><\/div>\n\n\n\n<div class=\"wp-block-stackable-columns alignfull stk-block-columns stk-block stk-4362501 stk-block-background\" data-block-id=\"4362501\"><style>.stk-4362501 {background-color:var(--theme-palette-color-7, #FAFBFC) !important;margin-bottom:0px !important;}.stk-4362501:before{background-color:var(--theme-palette-color-7, #FAFBFC) !important;}@media screen and (max-width:999px){.stk-4362501 {padding-top:0px !important;padding-right:0px !important;padding-bottom:0px !important;padding-left:0px !important;}}<\/style><div class=\"stk-row stk-inner-blocks stk-block-content stk-content-align stk-4362501-column\">\n<div class=\"wp-block-stackable-column stk-block-column stk-column stk-block stk-744ffc3\" data-v=\"4\" data-block-id=\"744ffc3\"><div class=\"stk-column-wrapper stk-block-column__content stk-container stk-744ffc3-container stk--no-background stk--no-padding\"><div class=\"stk-block-content stk-inner-blocks stk-744ffc3-inner-blocks\">\n<div class=\"wp-block-group alignfull has-background-color has-white-color has-black-background-color has-text-color has-background has-link-color wp-elements-fb8edd7faedcbdf5d6eac2d7f2add88c is-vertical is-content-justification-stretch is-layout-flex wp-container-core-group-is-layout-3 wp-block-group-is-layout-flex\" style=\"min-height:40vh;margin-top:0;margin-bottom:0;padding-top:var(--wp--preset--spacing--60);padding-right:var(--wp--preset--spacing--40);padding-bottom:var(--wp--preset--spacing--60);padding-left:var(--wp--preset--spacing--40)\">\n<div class=\"wp-block-columns alignwide has-small-font-size is-layout-flex wp-container-core-columns-is-layout-1 wp-block-columns-is-layout-flex\">\n<div class=\"wp-block-column is-layout-flow wp-block-column-is-layout-flow\">\n<p class=\"has-text-align-center\"><strong>P\u00e1ginas<\/strong><\/p>\n\n\n<nav class=\"has-small-font-size items-justified-center is-vertical no-wrap wp-block-navigation is-content-justification-center is-nowrap is-layout-flex wp-container-core-navigation-is-layout-1 wp-block-navigation-is-layout-flex\" aria-label=\"Men\u00fa cabecera\"><ul class=\"wp-block-navigation__container has-small-font-size items-justified-center is-vertical no-wrap wp-block-navigation has-small-font-size\"><li class=\"has-small-font-size wp-block-navigation-item  menu-item menu-item-type-post_type menu-item-object-page menu-item-home wp-block-navigation-link\"><a class=\"wp-block-navigation-item__content\"  href=\"https:\/\/funsinergia.org\/\" title=\"\"><span class=\"wp-block-navigation-item__label\">Inicio<\/span><\/a><\/li><li class=\"has-small-font-size wp-block-navigation-item  menu-item menu-item-type-post_type menu-item-object-page wp-block-navigation-link\"><a class=\"wp-block-navigation-item__content\"  href=\"https:\/\/funsinergia.org\/?page_id=11\" title=\"\"><span class=\"wp-block-navigation-item__label\">Nuestra misi\u00f3n<\/span><\/a><\/li><li class=\"has-small-font-size wp-block-navigation-item  menu-item menu-item-type-post_type menu-item-object-page wp-block-navigation-link\"><a class=\"wp-block-navigation-item__content\"  href=\"https:\/\/funsinergia.org\/?page_id=12\" title=\"\"><span class=\"wp-block-navigation-item__label\">Impacto y Experiencias<\/span><\/a><\/li><li class=\"has-small-font-size wp-block-navigation-item  menu-item menu-item-type-post_type menu-item-object-page wp-block-navigation-link\"><a class=\"wp-block-navigation-item__content\"  href=\"https:\/\/funsinergia.org\/?page_id=13\" title=\"\"><span class=\"wp-block-navigation-item__label\">Novedades<\/span><\/a><\/li><li class=\"has-small-font-size wp-block-navigation-item wp-block-navigation-link\"><a class=\"wp-block-navigation-item__content\"  href=\"https:\/\/funsinergia.org\/?page_id=213\"><span class=\"wp-block-navigation-item__label\">Contacto<\/span><\/a><\/li><\/ul><\/nav>\n\n\n<div style=\"height:24px\" aria-hidden=\"true\" class=\"wp-block-spacer\"><\/div>\n<\/div>\n\n\n\n<div class=\"wp-block-column is-layout-flow wp-block-column-is-layout-flow\">\n<p class=\"has-text-align-center\"><strong>\u00a1S\u00edguenos!<\/strong><\/p>\n\n\n\n<div class=\"wp-block-group is-vertical is-content-justification-center is-layout-flex wp-container-core-group-is-layout-1 wp-block-group-is-layout-flex\">\n<p><a href=\"#\">Facebook<\/a><\/p>\n\n\n\n<p><a href=\"https:\/\/www.instagram.com\/sinergiafundacion\/\">Instagram<\/a><\/p>\n<\/div>\n\n\n\n<div style=\"height:24px\" aria-hidden=\"true\" class=\"wp-block-spacer\"><\/div>\n<\/div>\n<\/div>\n\n\n\n<div class=\"wp-block-group alignwide is-content-justification-center is-layout-flex wp-container-core-group-is-layout-2 wp-block-group-is-layout-flex\">\n<p class=\"has-text-align-center has-small-font-size\"> Proudly powered by <a rel=\"nofollow\" href=\"https:\/\/wordpress.org\">WordPress<\/a> <\/p>\n<\/div>\n<\/div>\n<\/div><\/div><\/div>\n<\/div><\/div>\n","protected":false},"excerpt":{"rendered":"<p>Conoce nuestra historia Conoc\u00e9 los prop\u00f3sitos que dieron origen a la Fundaci\u00f3n y gu\u00edan nuestro trabajo hasta hoy. Somos una Organizaci\u00f3n No Gubernamental sin \u00e1nimo de lucro comprometida con el bienestar colectivo. Nuestra misi\u00f3n es contribuir a la construcci\u00f3n de una sociedad m\u00e1s justa y equitativa, fortaleciendo las capacidades locales y mejorando las condiciones de [&hellip;]<\/p>\n","protected":false},"author":1,"featured_media":0,"parent":0,"menu_order":0,"comment_status":"closed","ping_status":"closed","template":"","meta":{"footnotes":""},"class_list":["post-11","page","type-page","status-publish","hentry"],"blocksy_meta":{"has_hero_section":"enabled","hero_elements":[{"id":"custom_title","enabled":false,"heading_tag":"h1","title":"Inicio","__id":"RbEg863y7Y9E08rnGz1Bg"},{"id":"custom_description","enabled":true,"description_visibility":{"desktop":true,"tablet":true,"mobile":false},"__id":"KJ7CvJHrBGewtoNR0AqMn"},{"id":"custom_meta","enabled":false,"meta_elements":[{"id":"author","enabled":true,"label":"Por","has_author_avatar":"yes","avatar_size":25},{"id":"post_date","enabled":true,"label":"El","date_format_source":"default","date_format":"M j, Y"},{"id":"updated_date","enabled":false,"label":"El","date_format_source":"default","date_format":"M j, Y"},{"id":"categories","enabled":false,"label":"En","style":"simple"},{"id":"comments","enabled":true}],"page_meta_elements":{"joined":true,"articles_count":true,"comments":true},"__id":"FbFkZ4wMvrQoBYlATcxlq"},{"id":"breadcrumbs","enabled":false,"__id":"BC4sXjoNITDifNg6s_aj4"}],"hero_section":"type-1","hero_margin":"51px","styles_descriptor":{"styles":{"desktop":"[data-prefix=\"single_page\"] .entry-header .page-title {--theme-font-size:30px;} [data-prefix=\"single_page\"] .entry-header .entry-meta {--theme-font-weight:600;--theme-text-transform:uppercase;--theme-font-size:12px;--theme-line-height:1.3;} [data-prefix=\"single_page\"] .hero-section[data-type=\"type-1\"] {--margin-bottom:51px;}","tablet":"","mobile":""},"google_fonts":{"Albert Sans":["n4","n6"]},"version":6}},"_links":{"self":[{"href":"https:\/\/funsinergia.org\/index.php?rest_route=\/wp\/v2\/pages\/11","targetHints":{"allow":["GET"]}}],"collection":[{"href":"https:\/\/funsinergia.org\/index.php?rest_route=\/wp\/v2\/pages"}],"about":[{"href":"https:\/\/funsinergia.org\/index.php?rest_route=\/wp\/v2\/types\/page"}],"author":[{"embeddable":true,"href":"https:\/\/funsinergia.org\/index.php?rest_route=\/wp\/v2\/users\/1"}],"replies":[{"embeddable":true,"href":"https:\/\/funsinergia.org\/index.php?rest_route=%2Fwp%2Fv2%2Fcomments&post=11"}],"version-history":[{"count":49,"href":"https:\/\/funsinergia.org\/index.php?rest_route=\/wp\/v2\/pages\/11\/revisions"}],"predecessor-version":[{"id":416,"href":"https:\/\/funsinergia.org\/index.php?rest_route=\/wp\/v2\/pages\/11\/revisions\/416"}],"wp:attachment":[{"href":"https:\/\/funsinergia.org\/index.php?rest_route=%2Fwp%2Fv2%2Fmedia&parent=11"}],"curies":[{"name":"wp","href":"https:\/\/api.w.org\/{rel}","templated":true}]}}